{"id":12898,"date":"2020-11-13T11:04:32","date_gmt":"2020-11-13T10:04:32","guid":{"rendered":"https:\/\/saarlb.de\/investor-relations\/refinancing-and-issues\/archive-basic-brochures\/"},"modified":"2025-06-10T09:03:44","modified_gmt":"2025-06-10T07:03:44","slug":"archive-basic-brochures","status":"publish","type":"page","link":"https:\/\/saarlb.de\/en\/investor-relations\/refinancing-and-issues\/archive-basic-brochures\/","title":{"rendered":"Archive basic brochures"},"content":{"rendered":"\t\t<div data-elementor-type=\"wp-page\" data-elementor-id=\"12898\" class=\"elementor elementor-12898 elementor-4441\" data-elementor-post-type=\"page\">\n\t\t\t\t\t\t<section class=\"elementor-section elementor-top-section elementor-element elementor-element-7b850d34 elementor-section-boxed elementor-section-height-default elementor-section-height-default\" data-id=\"7b850d34\" data-element_type=\"section\" data-e-type=\"section\" data-settings=\"{&quot;background_background&quot;:&quot;classic&quot;}\">\n\t\t\t\t\t\t<div class=\"elementor-container elementor-column-gap-default\">\n\t\t\t\t\t<div class=\"elementor-column elementor-col-100 elementor-top-column elementor-element elementor-element-e1535f2 elementor-invisible\" data-id=\"e1535f2\" data-element_type=\"column\" data-e-type=\"column\" data-settings=\"{&quot;background_background&quot;:&quot;classic&quot;,&quot;animation&quot;:&quot;fadeInUp&quot;}\">\n\t\t\t<div class=\"elementor-widget-wrap elementor-element-populated\">\n\t\t\t\t\t\t<div class=\"elementor-element elementor-element-7a2787cf elementor-widget elementor-widget-spacer\" data-id=\"7a2787cf\" data-element_type=\"widget\" data-e-type=\"widget\" data-widget_type=\"spacer.default\">\n\t\t\t\t<div class=\"elementor-widget-container\">\n\t\t\t\t\t\t\t<div class=\"elementor-spacer\">\n\t\t\t<div class=\"elementor-spacer-inner\"><\/div>\n\t\t<\/div>\n\t\t\t\t\t\t<\/div>\n\t\t\t\t<\/div>\n\t\t\t\t\t<\/div>\n\t\t<\/div>\n\t\t\t\t\t<\/div>\n\t\t<\/section>\n\t\t\t\t<section class=\"elementor-section elementor-top-section elementor-element elementor-element-6b51cd88 elementor-section-height-min-height elementor-section-boxed elementor-section-height-default elementor-section-items-middle\" data-id=\"6b51cd88\" data-element_type=\"section\" data-e-type=\"section\">\n\t\t\t\t\t\t<div class=\"elementor-container elementor-column-gap-default\">\n\t\t\t\t\t<div class=\"elementor-column elementor-col-100 elementor-top-column elementor-element elementor-element-7f1d81b2\" data-id=\"7f1d81b2\" data-element_type=\"column\" data-e-type=\"column\">\n\t\t\t<div class=\"elementor-widget-wrap elementor-element-populated\">\n\t\t\t\t\t\t<div class=\"elementor-element elementor-element-2dda8f86 elementor-invisible elementor-widget elementor-widget-heading\" data-id=\"2dda8f86\" data-element_type=\"widget\" data-e-type=\"widget\" data-settings=\"{&quot;_animation&quot;:&quot;fadeInUp&quot;}\" data-widget_type=\"heading.default\">\n\t\t\t\t<div class=\"elementor-widget-container\">\n\t\t\t\t\t<h2 class=\"elementor-heading-title elementor-size-default\">Archives<\/h2>\t\t\t\t<\/div>\n\t\t\t\t<\/div>\n\t\t\t\t<div class=\"elementor-element elementor-element-e427807 elementor-widget elementor-widget-heading\" data-id=\"e427807\" data-element_type=\"widget\" data-e-type=\"widget\" data-widget_type=\"heading.default\">\n\t\t\t\t<div class=\"elementor-widget-container\">\n\t\t\t\t\t<h2 class=\"elementor-heading-title elementor-size-default\">Basic brochures (German version)<\/h2>\t\t\t\t<\/div>\n\t\t\t\t<\/div>\n\t\t\t\t\t<\/div>\n\t\t<\/div>\n\t\t\t\t\t<\/div>\n\t\t<\/section>\n\t\t\t\t<section class=\"elementor-section elementor-top-section elementor-element elementor-element-38d5c2cf elementor-section-boxed elementor-section-height-default elementor-section-height-default\" data-id=\"38d5c2cf\" data-element_type=\"section\" data-e-type=\"section\">\n\t\t\t\t\t\t<div class=\"elementor-container elementor-column-gap-default\">\n\t\t\t\t\t<div class=\"elementor-column elementor-col-100 elementor-top-column elementor-element elementor-element-4333209f\" data-id=\"4333209f\" data-element_type=\"column\" data-e-type=\"column\">\n\t\t\t<div class=\"elementor-widget-wrap elementor-element-populated\">\n\t\t\t\t\t\t<div class=\"elementor-element elementor-element-3465528 elementor-widget elementor-widget-text-editor\" data-id=\"3465528\" data-element_type=\"widget\" data-e-type=\"widget\" data-widget_type=\"text-editor.default\">\n\t\t\t\t<div class=\"elementor-widget-container\">\n\t\t\t\t\t\t\t\t\t<p><a href=\"https:\/\/saarlb.de\/wp-content\/uploads\/2025\/06\/SaarLB_Wertpapierbeschreibung_05062025.pdf\">Basisprospekt vom 05.06.2025 f\u00fcr Pfandbriefe und Schuldverschreibungen der SaarLB im Mindestnennbetrag von 1.000 EUR<\/a><\/p>\n<p><a href=\"https:\/\/saarlb.de\/wp-content\/uploads\/2025\/05\/SaarLB_Wertpapierbeschreibung_16052025.pdf\">Basisprospekt vom 16.05.2025 f\u00fcr Pfandbriefe und Schuldverschreibungen der SaarLB im Mindestnennbetrag von 1.000 EUR<\/a><\/p>\n<p><a href=\"https:\/\/saarlb.de\/wp-content\/uploads\/2024\/05\/SaarLB_Wertpapierbeschreibung_24052024.pdf\">Basisprospekt vom 24.05.2024 f\u00fcr Pfandbriefe und Schuldverschreibungen der SaarLB im Mindestnennbetrag von 1.000 EUR<\/a><\/p>\n<p><a href=\"https:\/\/saarlb.de\/wp-content\/uploads\/2023\/10\/SaarLB_Wertpapierbeschreibung_12102023.pdf\">Basisprospekt vom 12.10.2023 f\u00fcr Pfandbriefe und Schuldverschreibungen der SaarLB im Mindestnennbetrag von 1.000 EUR<\/a><\/p>\n<p><a href=\"https:\/\/saarlb.de\/wp-content\/uploads\/2023\/06\/SaarLB_Wertpapierbeschreibung_31052023.pdf\">Basisprospekt vom 31.05.2023 f\u00fcr Pfandbriefe und Schuldverschreibungen der SaarLB im Mindestnennbetrag von 1.000 EUR<\/a><\/p>\n<p><a href=\"https:\/\/saarlb.de\/wp-content\/uploads\/2022\/02\/SaarLB_Wertpapierbeschreibung_13102022.pdf\">Basisprospekt vom 13.10.2022 f\u00fcr Pfandbriefe und Schuldverschreibungen und Green Bond\/Social Bond im Mindestnennbetrag von 1.000 EUR<\/a><\/p>\n<p><a href=\"https:\/\/saarlb.de\/wp-content\/uploads\/2022\/06\/SaarLB_Wertpapierbeschreibung_09062022.pdf\">Basisprospekt vom 09.06.2022 f\u00fcr Pfandbriefe und Schuldverschreibungen der SaarLB im Mindestnennbetrag von 1.000 EUR<\/a><\/p>\n<p><a href=\"https:\/\/saarlb.de\/wp-content\/uploads\/2021\/10\/SaarLB_Wertpapierbeschreibung_12102021.pdf\">Basisprospekt vom 12.10.2021 f\u00fcr Pfandbriefe und Schuldverschreibungen und Green Bond der SaarLB im Mindestnennbetrag von 1.000 EUR<\/a><\/p>\n<p><a href=\"https:\/\/saarlb.de\/wp-content\/uploads\/2021\/06\/SaarLB_Wertpapierbeschreibung_21062021.pdf\">Basisprospekt vom 21.06.2021 f\u00fcr Pfandbriefe und Schuldverschreibungen der SaarLB im Mindestnennbetrag von 1.000 EUR<\/a><\/p>\n<p><a href=\"https:\/\/saarlb.de\/wp-content\/uploads\/2020\/11\/SaarLB_Prospekt_27102020.pdf\" data-wpel-link=\"internal\">Basisprospekt vom 27.10.2020 f\u00fcr Pfandbriefe und Schuldverschreibungen und Green Bond der SaarLB im Mindestnennbetrag von 1.000 EUR<\/a><\/p>\n<p><a href=\"https:\/\/saarlb.de\/wp-content\/uploads\/2020\/11\/SaarLB_Prospekt_23062020.pdf\" data-wpel-link=\"internal\">Basisprospekt vom 23.06.2020 f\u00fcr Pfandbriefe und (Standard) Schuldverschreibungen der SaarLB im Mindestnennbetrag von 1.000 EUR<\/a><\/p>\n<p><a href=\"https:\/\/saarlb.de\/wp-content\/uploads\/2020\/11\/SaarLB_Prospekt_04062019.pdf\">Basisprospekt vom 04.06.2019 f\u00fcr Pfandbriefe und (Standard) Schuldverschreibungen der SaarLB im Mindestnennbetrag von 1.000 EUR<\/a><\/p>\n<p><a href=\"https:\/\/saarlb.de\/wp-content\/uploads\/2020\/11\/SaarLB_Prospekt_30072018_clean.pdf\">Basisprospekt vom 30.07.2018 f\u00fcr Pfandbriefe und (Standard) Schuldverschreibungen der SaarLB im Mindestnennbetrag von 1.000 EUR<\/a><\/p>\n<p><a href=\"https:\/\/saarlb.de\/wp-content\/uploads\/2020\/11\/SaarLB_Prospekt_gez_17082017.pdf\">Basisprospekt vom 17.08.2017 f\u00fcr Pfandbriefe und (Standard) Schuldverschreibungen der SaarLB im Mindestnennbetrag von 1.000 EUR<\/a><\/p>\n<p><a href=\"https:\/\/saarlb.de\/wp-content\/uploads\/2020\/11\/Prospekt_gez2_02062016.pdf\">Basisprospekt vom 02.06.2016 f\u00fcr Pfandbriefe und (Standard) Schuldverschreibungen der SaarLB im Mindestnennbetrag von 1.000 EUR<\/a><\/p>\n<p><a href=\"https:\/\/saarlb.de\/wp-content\/uploads\/2020\/11\/Prospekt_gez_20.05.2015.pdf\">Basisprospekt vom 20.05.2015 f\u00fcr Pfandbriefe und (Standard) Schuldverschreibungen der SaarLB im Mindestnennbetrag von 1.000 EUR<\/a><\/p>\n<p><a href=\"https:\/\/saarlb.de\/wp-content\/uploads\/2020\/11\/SLB_BasisProspekt_2014_21_AR.pdf\">Basisprospekt vom 30.05.2014 f\u00fcr Pfandbriefe und (Standard) Schuldverschreibungen der SaarLB im Mindestnennbetrag von 1.000 EUR<\/a><\/p>\n<p><a href=\"https:\/\/saarlb.de\/wp-content\/uploads\/2020\/11\/SLB_BasisProspekt_2013_WertpapierB_RZ_web.pdf\">Wertpapierbeschreibung f\u00fcr Pfandbriefe und Standardschulverschreibungen der SaarLB vom 03.06.2013<\/a><\/p>\n<p><a href=\"https:\/\/saarlb.de\/wp-content\/uploads\/2020\/11\/SLB_BasisProspekt_2013_Zusammenfass_RZ_web.pdf\">Zusammenfassung zur Wertpapierbeschreibung f\u00fcr Pfandbriefe und Standardschulverschreibungen der SaarLB vom 03.06.2013<\/a><\/p>\n<p><a href=\"https:\/\/saarlb.de\/wp-content\/uploads\/2020\/11\/SLB_BasisProspekt_2012_16_AR.pdf\">Basisprospekt vom 06.06.2012 f\u00fcr Pfandbriefe und (Standard) Schuldverschreibungen der SaarLB im Mindestnennbetrag von 50.000 EUR.<\/a><\/p>\n<p><a href=\"https:\/\/saarlb.de\/wp-content\/uploads\/2020\/11\/Basisprospekt_SaarLB_2011_08_10.pdf\">Basisprospekt vom 10.08.2011 f\u00fcr Pfandbriefe und (Standard) Schuldverschreibungen der SaarLB im Mindestnennbetrag von 50.000 EUR.<\/a><\/p>\n<p><a href=\"https:\/\/saarlb.de\/wp-content\/uploads\/2020\/11\/Basisprospekt_1608.pdf\">Basisprospekt vom 16.08.2010 f\u00fcr Pfandbriefe und (Standard) Schuldverschreibungen der SaarLB im Mindestnennbetrag von 50.000 EUR.<\/a><\/p>\n\t\t\t\t\t\t\t\t<\/div>\n\t\t\t\t<\/div>\n\t\t\t\t<div class=\"elementor-element elementor-element-0b8f89e elementor-widget elementor-widget-html\" data-id=\"0b8f89e\" data-element_type=\"widget\" data-e-type=\"widget\" data-widget_type=\"html.default\">\n\t\t\t\t<div class=\"elementor-widget-container\">\n\t\t\t\t\t<input type=\"button\" value=\"<< back\" onclick=\"history.back()\">\t\t\t\t<\/div>\n\t\t\t\t<\/div>\n\t\t\t\t\t<\/div>\n\t\t<\/div>\n\t\t\t\t\t<\/div>\n\t\t<\/section>\n\t\t\t\t<section class=\"elementor-section elementor-top-section elementor-element elementor-element-2b3d22ee elementor-section-boxed elementor-section-height-default elementor-section-height-default\" data-id=\"2b3d22ee\" data-element_type=\"section\" data-e-type=\"section\">\n\t\t\t\t\t\t\t<div class=\"elementor-background-overlay\"><\/div>\n\t\t\t\t\t\t\t<div class=\"elementor-container elementor-column-gap-default\">\n\t\t\t\t\t<div class=\"elementor-column elementor-col-100 elementor-top-column elementor-element elementor-element-886cff0\" data-id=\"886cff0\" data-element_type=\"column\" data-e-type=\"column\">\n\t\t\t<div class=\"elementor-widget-wrap elementor-element-populated\">\n\t\t\t\t\t\t<div class=\"elementor-element elementor-element-68106401 elementor-widget elementor-widget-heading\" data-id=\"68106401\" data-element_type=\"widget\" data-e-type=\"widget\" data-widget_type=\"heading.default\">\n\t\t\t\t<div class=\"elementor-widget-container\">\n\t\t\t\t\t<h2 class=\"elementor-heading-title elementor-size-default\">Your contact<\/h2>\t\t\t\t<\/div>\n\t\t\t\t<\/div>\n\t\t\t\t<section class=\"elementor-section elementor-inner-section elementor-element elementor-element-b8c5466 elementor-section-boxed elementor-section-height-default elementor-section-height-default\" data-id=\"b8c5466\" data-element_type=\"section\" data-e-type=\"section\">\n\t\t\t\t\t\t<div class=\"elementor-container elementor-column-gap-default\">\n\t\t\t\t\t<div class=\"elementor-column elementor-col-33 elementor-inner-column elementor-element elementor-element-6190b18d elementor-hidden-tablet elementor-hidden-phone\" data-id=\"6190b18d\" data-element_type=\"column\" data-e-type=\"column\">\n\t\t\t<div class=\"elementor-widget-wrap\">\n\t\t\t\t\t\t\t<\/div>\n\t\t<\/div>\n\t\t\t\t<div class=\"elementor-column elementor-col-33 elementor-inner-column elementor-element elementor-element-4eef0fdf\" data-id=\"4eef0fdf\" data-element_type=\"column\" data-e-type=\"column\">\n\t\t\t<div class=\"elementor-widget-wrap elementor-element-populated\">\n\t\t\t\t\t\t<div class=\"elementor-element elementor-element-392191e7 elementor-widget elementor-widget-posts\" data-id=\"392191e7\" data-element_type=\"widget\" data-e-type=\"widget\" data-settings=\"{&quot;full_content_row_gap&quot;:{&quot;unit&quot;:&quot;px&quot;,&quot;size&quot;:35,&quot;sizes&quot;:[]}}\" data-widget_type=\"posts.full_content\">\n\t\t\t\t<div class=\"elementor-widget-container\">\n\t\t\t\t\t\t\t<div class=\"elementor-posts-container elementor-posts elementor-posts--skin-full_content elementor-grid\" role=\"list\">\n\t\t\t\t<article class=\"elementor-post elementor-grid-item post-12537 kontakte type-kontakte status-publish hentry\" role=\"listitem\">\n\t\t\t\t<div class=\"elementor-post__text\">\n\t\t<div class=\"elementor-post__content\"><style>.elementor-widget-uael-team-member .uael-separator{border-top-color:var( --e-global-color-accent );}.elementor-widget-uael-team-member .uael-team-member-image img{border-color:var( --e-global-color-primary );}.elementor-widget-uael-team-member .uael-team-member-image img:hover{border-color:var( --e-global-color-secondary );}.elementor-widget-uael-team-member .uael-team-name{font-family:var( --e-global-typography-primary-font-family ), Sans-serif;font-weight:var( --e-global-typography-primary-font-weight );color:var( --e-global-color-primary );}.elementor-widget-uael-team-member .uael-team-desig{font-family:var( --e-global-typography-text-font-family ), Sans-serif;font-weight:var( --e-global-typography-text-font-weight );color:var( --e-global-color-secondary );}.elementor-widget-uael-team-member .uael-team-desc{font-family:var( --e-global-typography-text-font-family ), Sans-serif;font-weight:var( --e-global-typography-text-font-weight );color:var( --e-global-color-text );}.elementor-widget-uael-team-member .elementor-social-icon{border-color:var( --e-global-color-primary );}.elementor-widget-uael-team-member .elementor-social-icon:hover{border-color:var( --e-global-color-secondary );}.elementor-12537 .elementor-element.elementor-element-73ea443f .uael-team-member-image img{width:250px;border-style:none;}.elementor-12537 .elementor-element.elementor-element-73ea443f .uael-separator {width:20%;}.elementor-12537 .elementor-element.elementor-element-73ea443f .uael-separator{border-top-width:2px;}.elementor-12537 .elementor-element.elementor-element-73ea443f .elementor-social-icon{border-radius:10% 10% 10% 10%;border-style:none;}.elementor-12537 .elementor-element.elementor-element-73ea443f .uael-team-name{color:#000000;}.elementor-12537 .elementor-element.elementor-element-73ea443f .uael-team-desig{color:#000000;}.elementor-12537 .elementor-element.elementor-element-73ea443f .uael-team-desc{color:#000000;}.elementor-12537 .elementor-element.elementor-element-73ea443f .elementor-social-icon:not(:hover), .elementor-12537 .elementor-element.elementor-element-73ea443f .elementor-social-icon:not(:hover) svg{background-color:#C1BEA6;}.elementor-12537 .elementor-element.elementor-element-73ea443f .elementor-social-icon:hover, .elementor-12537 .elementor-element.elementor-element-73ea443f .elementor-social-icon:hover svg{background-color:#E95814;}:root{--page-title-display:none;}<\/style>\t\t<div data-elementor-type=\"wp-post\" data-elementor-id=\"12537\" class=\"elementor elementor-12537 elementor-1326 elementor-1326\" data-elementor-post-type=\"kontakte\">\n\t\t\t\t\t\t<section class=\"elementor-section elementor-top-section elementor-element elementor-element-720de38d elementor-section-boxed elementor-section-height-default elementor-section-height-default\" data-id=\"720de38d\" data-element_type=\"section\" data-e-type=\"section\">\n\t\t\t\t\t\t<div class=\"elementor-container elementor-column-gap-default\">\n\t\t\t\t\t<div class=\"elementor-column elementor-col-100 elementor-top-column elementor-element elementor-element-7a31bcee\" data-id=\"7a31bcee\" data-element_type=\"column\" data-e-type=\"column\">\n\t\t\t<div class=\"elementor-widget-wrap elementor-element-populated\">\n\t\t\t\t\t\t<div class=\"elementor-element elementor-element-73ea443f elementor-shape-rounded uael-member-image-pos-above uael-shape-square uael-team-member-align-center elementor-widget elementor-widget-uael-team-member\" data-id=\"73ea443f\" data-element_type=\"widget\" data-e-type=\"widget\" data-widget_type=\"uael-team-member.default\">\n\t\t\t\t<div class=\"elementor-widget-container\">\n\t\t\t\t\t\t\t<div class=\"uael-team-member\">\n\t\t\t<div class = \"uael-team-member-wrap\">\n\t\t\t\t<div class=\"uael-member-wrap\">\n\t\t\t\t\t\t\t\t\t\t\t\t<div class=\"uael-team-member-image\">\n\t\t\t\t\t\t\t<div class=elementor-animation-><img loading=\"lazy\" decoding=\"async\" width=\"244\" height=\"163\" src=\"https:\/\/saarlb.de\/wp-content\/uploads\/2021\/03\/Philipp-Werthmueller_web.jpg\" class=\"attachment-medium size-medium wp-image-14895\" alt=\"\" \/><\/div>\t\t\t\t\t\t\t<\/div>\n\t\t\t\t\t\t\t\t\t\t\t\t\t\t\t<div class=\"uael-team-member-content\">\n\t\t\t\t\t\t\t\t\t\t\t<div class=\"uael-team-member-name\">\n\t\t\t\t\t\t<h3 class=\"uael-team-name\">Philipp Werthm\u00fcller<\/h3>\t\t\t\t\t\t<\/div>\n\t\t\t\t\t\t\t\t\t\t\t\t\t\t\t\t\t\t\t\t\t\t\t\t\t\t\t<div class=\"uael-team-member-designation\">\n\t\t\t\t\t\t\t<div class=\"uael-team-desig\">Communication &amp; Media\t\t\t\t\t\t\t<\/div>\n\t\t\t\t\t\t<\/div>\n\t\t\t\t\t\t\t\t\t\t\t\t<div class=\"uael-separator-wrapper\">\n\t\t\t<span class=\"uael-separator\"><\/span>\n\t\t<\/div>\n\t\t\t\t\t\t\t\t\t\t\t\t\t\t\t\t\t\t\t<div class=\"uael-team-member-desc\">\n\t\t\t\t\t\t\t<div class=\"uael-team-desc\">Phone: +49 681 383-1264<br \/>philipp.werthmueller@saarlb.de<\/div>\n\t\t\t\t\t\t<\/div>\n\t\t\t\t\t\t\t\t\t\t\t\t\t\t\t\t\t\t\t\t\t<div class=\"elementor-social-icons-wrapper\">\n\t\t\t\t\t\t\t<div class=\"uael-team-social-icon\">\n\t\t\t\t\t\t\t\t\t\t\t\t\t\t\t\t<a class=\"elementor-icon elementor-social-icon elementor-social-icon-envelope elementor-animation- elementor-repeater-item-5c34d00\" href=\"mailto:philipp.werthmueller@saarlb.de\" target=\"_blank\" aria-label=\"Envelope\">\n\t\t\t\t\t\t\t\t\t\t<i class=\"fas fa-envelope\"><\/i>\t\t\t\t\t\t\t\t\t<\/a>\n\t\t\t\t\t\t\t\t\t\t\t\t\t\t\t\t\t\t\t\t\t\t\t\t\t<a class=\"elementor-icon elementor-social-icon elementor-social-icon-phone-alt elementor-animation- elementor-repeater-item-a73dfc1\" href=\"tel:00496813831264\" target=\"_blank\" aria-label=\"Phone-alt\">\n\t\t\t\t\t\t\t\t\t\t<i class=\"fas fa-phone-alt\"><\/i>\t\t\t\t\t\t\t\t\t<\/a>\n\t\t\t\t\t\t\t\t\t\t\t\t\t\t\t\t\t\t\t\t\t\t\t<\/div>\n\t\t\t\t\t\t<\/div>\n\t\t\t\t\t\t\t\t\t<\/div>\n\t\t\t<\/div>\n\t\t<\/div>\n\t<\/div>\n\t\t\t\t\t\t<\/div>\n\t\t\t\t<\/div>\n\t\t\t\t\t<\/div>\n\t\t<\/div>\n\t\t\t\t\t<\/div>\n\t\t<\/section>\n\t\t\t\t<\/div>\n\t\t<\/div>\t\t<\/div>\n\t\t\t\t<\/article>\n\t\t\t\t<\/div>\n\t\t\n\t\t\t\t\t\t<\/div>\n\t\t\t\t<\/div>\n\t\t\t\t\t<\/div>\n\t\t<\/div>\n\t\t\t\t<div class=\"elementor-column elementor-col-33 elementor-inner-column elementor-element elementor-element-102024f2 elementor-hidden-tablet elementor-hidden-phone\" data-id=\"102024f2\" data-element_type=\"column\" data-e-type=\"column\">\n\t\t\t<div class=\"elementor-widget-wrap\">\n\t\t\t\t\t\t\t<\/div>\n\t\t<\/div>\n\t\t\t\t\t<\/div>\n\t\t<\/section>\n\t\t\t\t\t<\/div>\n\t\t<\/div>\n\t\t\t\t\t<\/div>\n\t\t<\/section>\n\t\t\t\t<section class=\"elementor-section elementor-top-section elementor-element elementor-element-18a3f6e7 elementor-section-boxed elementor-section-height-default elementor-section-height-default elementor-invisible\" data-id=\"18a3f6e7\" data-element_type=\"section\" data-e-type=\"section\" data-settings=\"{&quot;animation&quot;:&quot;fadeInUp&quot;}\">\n\t\t\t\t\t\t<div class=\"elementor-container elementor-column-gap-default\">\n\t\t\t\t\t<div class=\"elementor-column elementor-col-100 elementor-top-column elementor-element elementor-element-6b8eb967\" data-id=\"6b8eb967\" data-element_type=\"column\" data-e-type=\"column\">\n\t\t\t<div class=\"elementor-widget-wrap elementor-element-populated\">\n\t\t\t\t\t\t<div class=\"elementor-element elementor-element-551cde5e elementor-widget elementor-widget-image\" data-id=\"551cde5e\" data-element_type=\"widget\" data-e-type=\"widget\" data-widget_type=\"image.default\">\n\t\t\t\t<div class=\"elementor-widget-container\">\n\t\t\t\t\t\t\t\t\t\t\t\t\t\t\t<img decoding=\"async\" src=\"https:\/\/saarlb.de\/wp-content\/uploads\/2020\/09\/weitsicht_durch_naehe_titling.jpg\" title=\"\" alt=\"\" loading=\"lazy\" \/>\t\t\t\t\t\t\t\t\t\t\t\t\t\t\t<\/div>\n\t\t\t\t<\/div>\n\t\t\t\t\t<\/div>\n\t\t<\/div>\n\t\t\t\t\t<\/div>\n\t\t<\/section>\n\t\t\t\t<\/div>\n\t\t","protected":false},"excerpt":{"rendered":"<p>Archives Basic brochures (German version) Basisprospekt vom 05.06.2025 f\u00fcr Pfandbriefe und Schuldverschreibungen der SaarLB im Mindestnennbetrag von 1.000 EUR Basisprospekt vom 16.05.2025 f\u00fcr Pfandbriefe und Schuldverschreibungen der SaarLB im Mindestnennbetrag von 1.000 EUR Basisprospekt vom 24.05.2024 f\u00fcr Pfandbriefe und Schuldverschreibungen der SaarLB im Mindestnennbetrag von 1.000 EUR Basisprospekt vom 12.10.2023 f\u00fcr Pfandbriefe und Schuldverschreibungen der [&hellip;]<\/p>\n","protected":false},"author":2,"featured_media":0,"parent":11363,"menu_order":0,"comment_status":"closed","ping_status":"closed","template":"","meta":{"_acf_changed":false,"footnotes":"","_links_to":"","_links_to_target":""},"class_list":["post-12898","page","type-page","status-publish","hentry"],"acf":[],"_links":{"self":[{"href":"https:\/\/saarlb.de\/en\/wp-json\/wp\/v2\/pages\/12898","targetHints":{"allow":["GET"]}}],"collection":[{"href":"https:\/\/saarlb.de\/en\/wp-json\/wp\/v2\/pages"}],"about":[{"href":"https:\/\/saarlb.de\/en\/wp-json\/wp\/v2\/types\/page"}],"author":[{"embeddable":true,"href":"https:\/\/saarlb.de\/en\/wp-json\/wp\/v2\/users\/2"}],"replies":[{"embeddable":true,"href":"https:\/\/saarlb.de\/en\/wp-json\/wp\/v2\/comments?post=12898"}],"version-history":[{"count":0,"href":"https:\/\/saarlb.de\/en\/wp-json\/wp\/v2\/pages\/12898\/revisions"}],"up":[{"embeddable":true,"href":"https:\/\/saarlb.de\/en\/wp-json\/wp\/v2\/pages\/11363"}],"wp:attachment":[{"href":"https:\/\/saarlb.de\/en\/wp-json\/wp\/v2\/media?parent=12898"}],"curies":[{"name":"wp","href":"https:\/\/api.w.org\/{rel}","templated":true}]}}