{"id":13132,"date":"2020-09-11T10:30:09","date_gmt":"2020-09-11T08:30:09","guid":{"rendered":"https:\/\/saarlb.de\/legal-notice\/"},"modified":"2025-06-23T09:19:12","modified_gmt":"2025-06-23T07:19:12","slug":"legal-notice","status":"publish","type":"page","link":"https:\/\/saarlb.de\/en\/footer\/legal-notice\/","title":{"rendered":"Imprint"},"content":{"rendered":"\t\t<div data-elementor-type=\"wp-page\" data-elementor-id=\"13132\" class=\"elementor elementor-13132 elementor-1645\" data-elementor-post-type=\"page\">\n\t\t\t\t\t\t<section class=\"elementor-section elementor-top-section elementor-element elementor-element-f11e282 elementor-reverse-tablet elementor-reverse-mobile elementor-section-boxed elementor-section-height-default elementor-section-height-default\" data-id=\"f11e282\" data-element_type=\"section\" data-e-type=\"section\" data-settings=\"{&quot;background_background&quot;:&quot;classic&quot;}\">\n\t\t\t\t\t\t<div class=\"elementor-container elementor-column-gap-default\">\n\t\t\t\t\t<div class=\"elementor-column elementor-col-50 elementor-top-column elementor-element elementor-element-6a50539\" data-id=\"6a50539\" data-element_type=\"column\" data-e-type=\"column\" data-settings=\"{&quot;background_background&quot;:&quot;classic&quot;}\">\n\t\t\t<div class=\"elementor-widget-wrap\">\n\t\t\t\t\t\t\t<\/div>\n\t\t<\/div>\n\t\t\t\t<div class=\"elementor-column elementor-col-50 elementor-top-column elementor-element elementor-element-c363162\" data-id=\"c363162\" data-element_type=\"column\" data-e-type=\"column\" data-settings=\"{&quot;background_background&quot;:&quot;classic&quot;}\">\n\t\t\t<div class=\"elementor-widget-wrap elementor-element-populated\">\n\t\t\t\t\t\t<div class=\"elementor-element elementor-element-e5b6c32 elementor-widget__width-initial elementor-widget elementor-widget-spacer\" data-id=\"e5b6c32\" data-element_type=\"widget\" data-e-type=\"widget\" data-widget_type=\"spacer.default\">\n\t\t\t\t<div class=\"elementor-widget-container\">\n\t\t\t\t\t\t\t<div class=\"elementor-spacer\">\n\t\t\t<div class=\"elementor-spacer-inner\"><\/div>\n\t\t<\/div>\n\t\t\t\t\t\t<\/div>\n\t\t\t\t<\/div>\n\t\t\t\t\t<\/div>\n\t\t<\/div>\n\t\t\t\t\t<\/div>\n\t\t<\/section>\n\t\t\t\t<section class=\"elementor-section elementor-top-section elementor-element elementor-element-16b8eae9 elementor-section-height-min-height elementor-section-boxed elementor-section-height-default elementor-section-items-middle\" data-id=\"16b8eae9\" data-element_type=\"section\" data-e-type=\"section\">\n\t\t\t\t\t\t<div class=\"elementor-container elementor-column-gap-default\">\n\t\t\t\t\t<div class=\"elementor-column elementor-col-100 elementor-top-column elementor-element elementor-element-171bcb1d\" data-id=\"171bcb1d\" data-element_type=\"column\" data-e-type=\"column\">\n\t\t\t<div class=\"elementor-widget-wrap elementor-element-populated\">\n\t\t\t\t\t\t<div class=\"elementor-element elementor-element-4a3949e5 elementor-invisible elementor-widget elementor-widget-heading\" data-id=\"4a3949e5\" data-element_type=\"widget\" data-e-type=\"widget\" data-settings=\"{&quot;_animation&quot;:&quot;fadeInUp&quot;}\" data-widget_type=\"heading.default\">\n\t\t\t\t<div class=\"elementor-widget-container\">\n\t\t\t\t\t<h2 class=\"elementor-heading-title elementor-size-default\">Imprint<\/h2>\t\t\t\t<\/div>\n\t\t\t\t<\/div>\n\t\t\t\t\t<\/div>\n\t\t<\/div>\n\t\t\t\t\t<\/div>\n\t\t<\/section>\n\t\t\t\t<section class=\"elementor-section elementor-top-section elementor-element elementor-element-655c2ae5 elementor-section-height-min-height elementor-section-items-stretch elementor-section-boxed elementor-section-height-default\" data-id=\"655c2ae5\" data-element_type=\"section\" data-e-type=\"section\">\n\t\t\t\t\t\t<div class=\"elementor-container elementor-column-gap-wider\">\n\t\t\t\t\t<div class=\"elementor-column elementor-col-100 elementor-top-column elementor-element elementor-element-4c626978\" data-id=\"4c626978\" data-element_type=\"column\" data-e-type=\"column\">\n\t\t\t<div class=\"elementor-widget-wrap elementor-element-populated\">\n\t\t\t\t\t\t<section class=\"elementor-section elementor-inner-section elementor-element elementor-element-73b58fd0 elementor-section-boxed elementor-section-height-default elementor-section-height-default\" data-id=\"73b58fd0\" data-element_type=\"section\" data-e-type=\"section\">\n\t\t\t\t\t\t<div class=\"elementor-container elementor-column-gap-default\">\n\t\t\t\t\t<div class=\"elementor-column elementor-col-100 elementor-inner-column elementor-element elementor-element-5b24ef59\" data-id=\"5b24ef59\" data-element_type=\"column\" data-e-type=\"column\">\n\t\t\t<div class=\"elementor-widget-wrap elementor-element-populated\">\n\t\t\t\t\t\t<div class=\"elementor-element elementor-element-5216b209 elementor-widget elementor-widget-text-editor\" data-id=\"5216b209\" data-element_type=\"widget\" data-e-type=\"widget\" data-widget_type=\"text-editor.default\">\n\t\t\t\t<div class=\"elementor-widget-container\">\n\t\t\t\t\t\t\t\t\t<strong>SaarLB<br>\r\nLandesbank Saar<\/strong><br>\r\nAnstalt des \u00f6ffentlichen Rechts<br>\r\nUrsulinenstra\u00dfe 2<br>\r\n66111 Saarbr\u00fccken<br>\r\nGermany<br>\r\nPhone:\u00a0\u00a0 +49 681 383-01<br>\r\nTelefax: +49 681 383-1200<br>\r\n<br>\r\nBank identifier code 590 500 00<br>\r\nRegister of Companies HRA 8589 Saarbr\u00fccken<br>\r\nVAT registration No. DE 138 11 69 52<br>\r\nLegal Entity Identifier (LEI): 52990050SU0S4QQ4Z793<br><br>\r\n\r\n<strong>Authorised representatives:<\/strong><strong><br>\r\n<\/strong>Dr. Jochen Sutor, Chairman of the Board of Management<br>\r\nGunar Feth, Deputy Chairman of the Board of Management<br>\r\nFrank Eloy, Member of the Board of Management<br>\r\nMaik Mittelberg, Member of the Board of Management<br><br>\r\n\r\n<strong>Supervisory authorities:<\/strong><br>\r\nEuropean Central Bank<br>\r\nSonnemannstra\u00dfe 20<br>\r\n60314 Frankfurt am Main<br>\r\nGermany<br><br>\r\n\r\nBundesanstalt f\u00fcr Finanzdienstleistungsaufsicht<br>\r\nGraurheindorfer Stra\u00dfe 108<br>\r\n53117 Bonn<br>\r\nGermany<br>\r\nand<br>\r\nMarie-Curie-Stra\u00dfe 24-28<br>\r\n60439 Frankfurt am Main<br>\r\nGermany<br><br>\r\n\r\nMinisterium f\u00fcr Wirtschaft, Arbeit, Energie und Verkehr<br>\r\nFranz-Josef-R\u00f6der-Stra\u00dfe 17<br>\r\n66119 Saarbr\u00fccken<br>\r\nGermany<br><br>\r\n\r\n<strong>\u201cIn accordance with Article 28 (2) of Regulation (EU) 2016\/1011 (the so-called Benchmark Regulation), SaarLB maintains a robust, written plan in the event of a cessation of a benchmark used or substantial changes to it\u201d.<\/strong><br><br>\r\n\r\n<\/div>\r\n&nbsp;\r\n\r\n<strong>Legal notice<br>\r\n<\/strong>The data and information contained in our Internet pages have been carefully researched and checked by SaarLB and are constantly updated. However, no liability or guarantee can be assumed for the correctness, completeness and up-to-dateness of the information provided. The respective provider is solely responsible for the content and design of the websites reached via links. SaarLB accepts no liability in this respect.<br><br>\r\n\r\nThe statements contained herein are not to be understood as an offer or recommendation of specific investment products. This also applies if individual issuers or securities are mentioned. The information contained herein cannot replace investor- and object-oriented advice based on the individual circumstances of the investor and additional up-to-date information. We therefore ask you to contact your advisor at SaarLB.<br><br>\r\n\r\nThe content and design of our web pages are protected by copyright. The reproduction of information or data, in particular the use of texts, parts of texts or images, requires the prior consent of SaarLB.<br><br><br>\r\n\r\n\r\n<strong>\r\nInternet publisher:<\/strong><strong><br>\r\n<\/strong>Communication<br>\r\nAndrea Mayer-Gerhards<br>\r\nE-Mail:\u00a0<a class=\"mail\" href=\"mailto:service@saarlb.de\">service@saarlb.de<\/a><br>\r\nPhone: +49 681 383-01<br><br>\r\n\r\n<strong>\r\nTechnology:<\/strong><strong><br>\r\n<\/strong>EWERLE \u2013 Internet Marketing<br>\r\nRobert-Koch-Weg 6<br>\r\n66292 Riegelsberg<br>\r\n<a href=\"http:\/\/www.frank-ewerle.de\/\" data-wpel-link=\"internal\" rel=\"nofollow noopener\" target=\"_blank\">www.frank-ewerle.de<\/a><br><br><br>\r\n\r\n<\/div>\r\n<strong>\r\nUnsolicited e-mails<\/strong><br>\r\nSaarLB does not generally send unsolicited e-mails which, for example, call for the purchase of certain securities. If you receive such an e-mail, it is assumed that it is a so-called &#8220;spam e-mail&#8221; with a forged sender address. Unfortunately, we have no technical means to take action against this. If you have any doubts about the authenticity of an e-mail connected with SaarLB, please contact us before opening the e-mail or its attachments.\t\t\t\t\t\t\t\t<\/div>\n\t\t\t\t<\/div>\n\t\t\t\t\t<\/div>\n\t\t<\/div>\n\t\t\t\t\t<\/div>\n\t\t<\/section>\n\t\t\t\t\t<\/div>\n\t\t<\/div>\n\t\t\t\t\t<\/div>\n\t\t<\/section>\n\t\t\t\t<section class=\"elementor-section elementor-top-section elementor-element elementor-element-76837604 elementor-section-boxed elementor-section-height-default elementor-section-height-default elementor-invisible\" data-id=\"76837604\" data-element_type=\"section\" data-e-type=\"section\" data-settings=\"{&quot;animation&quot;:&quot;fadeInUp&quot;}\">\n\t\t\t\t\t\t<div class=\"elementor-container elementor-column-gap-default\">\n\t\t\t\t\t<div class=\"elementor-column elementor-col-100 elementor-top-column elementor-element elementor-element-2195e5fc\" data-id=\"2195e5fc\" data-element_type=\"column\" data-e-type=\"column\">\n\t\t\t<div class=\"elementor-widget-wrap elementor-element-populated\">\n\t\t\t\t\t\t<div class=\"elementor-element elementor-element-1d49fff8 elementor-widget elementor-widget-image\" data-id=\"1d49fff8\" data-element_type=\"widget\" data-e-type=\"widget\" data-widget_type=\"image.default\">\n\t\t\t\t<div class=\"elementor-widget-container\">\n\t\t\t\t\t\t\t\t\t\t\t\t\t\t\t<img decoding=\"async\" src=\"https:\/\/saarlb.de\/wp-content\/uploads\/2020\/09\/weitsicht_durch_naehe_titling.jpg\" title=\"\" alt=\"\" loading=\"lazy\" \/>\t\t\t\t\t\t\t\t\t\t\t\t\t\t\t<\/div>\n\t\t\t\t<\/div>\n\t\t\t\t\t<\/div>\n\t\t<\/div>\n\t\t\t\t\t<\/div>\n\t\t<\/section>\n\t\t\t\t<\/div>\n\t\t","protected":false},"excerpt":{"rendered":"<p>Imprint SaarLB Landesbank Saar Anstalt des \u00f6ffentlichen Rechts Ursulinenstra\u00dfe 2 66111 Saarbr\u00fccken Germany Phone:\u00a0\u00a0 +49 681 383-01 Telefax: +49 681 383-1200 Bank identifier code 590 500 00 Register of Companies HRA 8589 Saarbr\u00fccken VAT registration No. DE 138 11 69 52 Legal Entity Identifier (LEI): 52990050SU0S4QQ4Z793 Authorised representatives: Dr. Jochen Sutor, Chairman of the Board [&hellip;]<\/p>\n","protected":false},"author":2,"featured_media":0,"parent":13359,"menu_order":0,"comment_status":"closed","ping_status":"closed","template":"","meta":{"_acf_changed":false,"footnotes":"","_links_to":"","_links_to_target":""},"class_list":["post-13132","page","type-page","status-publish","hentry"],"acf":[],"_links":{"self":[{"href":"https:\/\/saarlb.de\/en\/wp-json\/wp\/v2\/pages\/13132","targetHints":{"allow":["GET"]}}],"collection":[{"href":"https:\/\/saarlb.de\/en\/wp-json\/wp\/v2\/pages"}],"about":[{"href":"https:\/\/saarlb.de\/en\/wp-json\/wp\/v2\/types\/page"}],"author":[{"embeddable":true,"href":"https:\/\/saarlb.de\/en\/wp-json\/wp\/v2\/users\/2"}],"replies":[{"embeddable":true,"href":"https:\/\/saarlb.de\/en\/wp-json\/wp\/v2\/comments?post=13132"}],"version-history":[{"count":0,"href":"https:\/\/saarlb.de\/en\/wp-json\/wp\/v2\/pages\/13132\/revisions"}],"up":[{"embeddable":true,"href":"https:\/\/saarlb.de\/en\/wp-json\/wp\/v2\/pages\/13359"}],"wp:attachment":[{"href":"https:\/\/saarlb.de\/en\/wp-json\/wp\/v2\/media?parent=13132"}],"curies":[{"name":"wp","href":"https:\/\/api.w.org\/{rel}","templated":true}]}}