{"id":13395,"date":"2020-09-11T13:00:00","date_gmt":"2020-09-11T11:00:00","guid":{"rendered":"https:\/\/saarlb.de\/footer\/legal-notice-2\/"},"modified":"2026-03-03T13:35:10","modified_gmt":"2026-03-03T12:35:10","slug":"legal-notice-2","status":"publish","type":"page","link":"https:\/\/saarlb.de\/en\/footer\/legal-notice-2\/","title":{"rendered":"Legal notice"},"content":{"rendered":"\t\t<div data-elementor-type=\"wp-page\" data-elementor-id=\"13395\" class=\"elementor elementor-13395 elementor-1726\" data-elementor-post-type=\"page\">\n\t\t\t\t\t\t<section class=\"elementor-section elementor-top-section elementor-element elementor-element-b0956c6 elementor-reverse-tablet elementor-reverse-mobile elementor-section-boxed elementor-section-height-default elementor-section-height-default\" data-id=\"b0956c6\" data-element_type=\"section\" data-e-type=\"section\" data-settings=\"{&quot;background_background&quot;:&quot;classic&quot;}\">\n\t\t\t\t\t\t<div class=\"elementor-container elementor-column-gap-default\">\n\t\t\t\t\t<div class=\"elementor-column elementor-col-50 elementor-top-column elementor-element elementor-element-6c59910\" data-id=\"6c59910\" data-element_type=\"column\" data-e-type=\"column\" data-settings=\"{&quot;background_background&quot;:&quot;classic&quot;}\">\n\t\t\t<div class=\"elementor-widget-wrap\">\n\t\t\t\t\t\t\t<\/div>\n\t\t<\/div>\n\t\t\t\t<div class=\"elementor-column elementor-col-50 elementor-top-column elementor-element elementor-element-f65ea65\" data-id=\"f65ea65\" data-element_type=\"column\" data-e-type=\"column\" data-settings=\"{&quot;background_background&quot;:&quot;classic&quot;}\">\n\t\t\t<div class=\"elementor-widget-wrap elementor-element-populated\">\n\t\t\t\t\t\t<div class=\"elementor-element elementor-element-5e79198 elementor-widget__width-initial elementor-widget elementor-widget-spacer\" data-id=\"5e79198\" data-element_type=\"widget\" data-e-type=\"widget\" data-widget_type=\"spacer.default\">\n\t\t\t\t<div class=\"elementor-widget-container\">\n\t\t\t\t\t\t\t<div class=\"elementor-spacer\">\n\t\t\t<div class=\"elementor-spacer-inner\"><\/div>\n\t\t<\/div>\n\t\t\t\t\t\t<\/div>\n\t\t\t\t<\/div>\n\t\t\t\t\t<\/div>\n\t\t<\/div>\n\t\t\t\t\t<\/div>\n\t\t<\/section>\n\t\t\t\t<section class=\"elementor-section elementor-top-section elementor-element elementor-element-26de0641 elementor-section-boxed elementor-section-height-default elementor-section-height-default\" data-id=\"26de0641\" data-element_type=\"section\" data-e-type=\"section\">\n\t\t\t\t\t\t<div class=\"elementor-container elementor-column-gap-default\">\n\t\t\t\t\t<div class=\"elementor-column elementor-col-100 elementor-top-column elementor-element elementor-element-741f1003\" data-id=\"741f1003\" data-element_type=\"column\" data-e-type=\"column\">\n\t\t\t<div class=\"elementor-widget-wrap elementor-element-populated\">\n\t\t\t\t\t\t<div class=\"elementor-element elementor-element-2747ea1 elementor-widget elementor-widget-spacer\" data-id=\"2747ea1\" data-element_type=\"widget\" data-e-type=\"widget\" data-widget_type=\"spacer.default\">\n\t\t\t\t<div class=\"elementor-widget-container\">\n\t\t\t\t\t\t\t<div class=\"elementor-spacer\">\n\t\t\t<div class=\"elementor-spacer-inner\"><\/div>\n\t\t<\/div>\n\t\t\t\t\t\t<\/div>\n\t\t\t\t<\/div>\n\t\t\t\t<div class=\"elementor-element elementor-element-5596fcd elementor-invisible elementor-widget elementor-widget-heading\" data-id=\"5596fcd\" data-element_type=\"widget\" data-e-type=\"widget\" data-settings=\"{&quot;_animation&quot;:&quot;fadeInUp&quot;}\" data-widget_type=\"heading.default\">\n\t\t\t\t<div class=\"elementor-widget-container\">\n\t\t\t\t\t<h2 class=\"elementor-heading-title elementor-size-default\">Legal notice<\/h2>\t\t\t\t<\/div>\n\t\t\t\t<\/div>\n\t\t\t\t\t<\/div>\n\t\t<\/div>\n\t\t\t\t\t<\/div>\n\t\t<\/section>\n\t\t\t\t<section class=\"elementor-section elementor-top-section elementor-element elementor-element-edb707e elementor-section-height-min-height elementor-section-items-stretch elementor-section-boxed elementor-section-height-default\" data-id=\"edb707e\" data-element_type=\"section\" data-e-type=\"section\">\n\t\t\t\t\t\t<div class=\"elementor-container elementor-column-gap-wider\">\n\t\t\t\t\t<div class=\"elementor-column elementor-col-100 elementor-top-column elementor-element elementor-element-f806432\" data-id=\"f806432\" data-element_type=\"column\" data-e-type=\"column\">\n\t\t\t<div class=\"elementor-widget-wrap elementor-element-populated\">\n\t\t\t\t\t\t<div class=\"elementor-element elementor-element-64e548e elementor-widget elementor-widget-toggle\" data-id=\"64e548e\" data-element_type=\"widget\" data-e-type=\"widget\" data-widget_type=\"toggle.default\">\n\t\t\t\t<div class=\"elementor-widget-container\">\n\t\t\t\t\t\t\t<div class=\"elementor-toggle\">\n\t\t\t\t\t\t\t<div class=\"elementor-toggle-item\">\n\t\t\t\t\t<div id=\"elementor-tab-title-1051\" class=\"elementor-tab-title\" data-tab=\"1\" role=\"button\" aria-controls=\"elementor-tab-content-1051\" aria-expanded=\"false\">\n\t\t\t\t\t\t\t\t\t\t\t\t<span class=\"elementor-toggle-icon elementor-toggle-icon-left\" aria-hidden=\"true\">\n\t\t\t\t\t\t\t\t\t\t\t\t\t\t\t<span class=\"elementor-toggle-icon-closed\"><i class=\"fas fa-caret-right\"><\/i><\/span>\n\t\t\t\t\t\t\t\t<span class=\"elementor-toggle-icon-opened\"><i class=\"elementor-toggle-icon-opened fas fa-caret-up\"><\/i><\/span>\n\t\t\t\t\t\t\t\t\t\t\t\t\t<\/span>\n\t\t\t\t\t\t\t\t\t\t\t\t<a class=\"elementor-toggle-title\" tabindex=\"0\">SaarLB\u2019s Articles of Incorporation<\/a>\n\t\t\t\t\t<\/div>\n\n\t\t\t\t\t<div id=\"elementor-tab-content-1051\" class=\"elementor-tab-content elementor-clearfix\" data-tab=\"1\" role=\"region\" aria-labelledby=\"elementor-tab-title-1051\"><p>Version of 5 December 2001, published in the Official Gazette of Saarland on 28 December 2001, pages 2,529 to 2,535, entered into force on 1 January 2002, last amended with effect from 1 May 2023, published in the Official Gazette of Saarland No. 22 on 7 June 2023.<\/p>\n<p><a href=\"https:\/\/saarlb.de\/wp-content\/uploads\/2023\/06\/Satzung_E_2023-05-01.pdf\" data-wpel-link=\"internal\" data-da-cssbgimage=\"url(&quot;https:\/\/saarlb.de\/wp-content\/pdf.png&quot;)\">SaarLB\u2019s Articles of Incorporation<\/a><\/p>\n<\/div>\n\t\t\t\t<\/div>\n\t\t\t\t\t\t\t<div class=\"elementor-toggle-item\">\n\t\t\t\t\t<div id=\"elementor-tab-title-1052\" class=\"elementor-tab-title\" data-tab=\"2\" role=\"button\" aria-controls=\"elementor-tab-content-1052\" aria-expanded=\"false\">\n\t\t\t\t\t\t\t\t\t\t\t\t<span class=\"elementor-toggle-icon elementor-toggle-icon-left\" aria-hidden=\"true\">\n\t\t\t\t\t\t\t\t\t\t\t\t\t\t\t<span class=\"elementor-toggle-icon-closed\"><i class=\"fas fa-caret-right\"><\/i><\/span>\n\t\t\t\t\t\t\t\t<span class=\"elementor-toggle-icon-opened\"><i class=\"elementor-toggle-icon-opened fas fa-caret-up\"><\/i><\/span>\n\t\t\t\t\t\t\t\t\t\t\t\t\t<\/span>\n\t\t\t\t\t\t\t\t\t\t\t\t<a class=\"elementor-toggle-title\" tabindex=\"0\">Savings Banks Act (German Version)<\/a>\n\t\t\t\t\t<\/div>\n\n\t\t\t\t\t<div id=\"elementor-tab-content-1052\" class=\"elementor-tab-content elementor-clearfix\" data-tab=\"2\" role=\"region\" aria-labelledby=\"elementor-tab-title-1052\"><p><a href=\"https:\/\/saarlb.de\/wp-content\/uploads\/2025\/10\/AGB_DE_20251013.pdf\">Savings Banks Act<\/a><\/p>\n<\/div>\n\t\t\t\t<\/div>\n\t\t\t\t\t\t\t<div class=\"elementor-toggle-item\">\n\t\t\t\t\t<div id=\"elementor-tab-title-1053\" class=\"elementor-tab-title\" data-tab=\"3\" role=\"button\" aria-controls=\"elementor-tab-content-1053\" aria-expanded=\"false\">\n\t\t\t\t\t\t\t\t\t\t\t\t<span class=\"elementor-toggle-icon elementor-toggle-icon-left\" aria-hidden=\"true\">\n\t\t\t\t\t\t\t\t\t\t\t\t\t\t\t<span class=\"elementor-toggle-icon-closed\"><i class=\"fas fa-caret-right\"><\/i><\/span>\n\t\t\t\t\t\t\t\t<span class=\"elementor-toggle-icon-opened\"><i class=\"elementor-toggle-icon-opened fas fa-caret-up\"><\/i><\/span>\n\t\t\t\t\t\t\t\t\t\t\t\t\t<\/span>\n\t\t\t\t\t\t\t\t\t\t\t\t<a class=\"elementor-toggle-title\" tabindex=\"0\">General terms and conditions of business<\/a>\n\t\t\t\t\t<\/div>\n\n\t\t\t\t\t<div id=\"elementor-tab-content-1053\" class=\"elementor-tab-content elementor-clearfix\" data-tab=\"3\" role=\"region\" aria-labelledby=\"elementor-tab-title-1053\"><p><a href=\"https:\/\/saarlb.de\/wp-content\/uploads\/2025\/09\/AGB_DE_20250801.pdf\" data-wpel-link=\"internal\" data-da-cssbgimage=\"url(&quot;https:\/\/saarlb.de\/wp-content\/pdf.png&quot;)\">General terms and conditions of business (german version)<\/a><\/p>\n<\/div>\n\t\t\t\t<\/div>\n\t\t\t\t\t\t\t<div class=\"elementor-toggle-item\">\n\t\t\t\t\t<div id=\"elementor-tab-title-1054\" class=\"elementor-tab-title\" data-tab=\"4\" role=\"button\" aria-controls=\"elementor-tab-content-1054\" aria-expanded=\"false\">\n\t\t\t\t\t\t\t\t\t\t\t\t<span class=\"elementor-toggle-icon elementor-toggle-icon-left\" aria-hidden=\"true\">\n\t\t\t\t\t\t\t\t\t\t\t\t\t\t\t<span class=\"elementor-toggle-icon-closed\"><i class=\"fas fa-caret-right\"><\/i><\/span>\n\t\t\t\t\t\t\t\t<span class=\"elementor-toggle-icon-opened\"><i class=\"elementor-toggle-icon-opened fas fa-caret-up\"><\/i><\/span>\n\t\t\t\t\t\t\t\t\t\t\t\t\t<\/span>\n\t\t\t\t\t\t\t\t\t\t\t\t<a class=\"elementor-toggle-title\" tabindex=\"0\">Price and service list<\/a>\n\t\t\t\t\t<\/div>\n\n\t\t\t\t\t<div id=\"elementor-tab-content-1054\" class=\"elementor-tab-content elementor-clearfix\" data-tab=\"4\" role=\"region\" aria-labelledby=\"elementor-tab-title-1054\"><p><a href=\"https:\/\/saarlb.de\/wp-content\/uploads\/2026\/03\/PuLV_dt_gesamt-ab-01.01.2026.pdf\">Price and service list \/german version)<\/a><\/p>\n<\/div>\n\t\t\t\t<\/div>\n\t\t\t\t\t\t\t<div class=\"elementor-toggle-item\">\n\t\t\t\t\t<div id=\"elementor-tab-title-1055\" class=\"elementor-tab-title\" data-tab=\"5\" role=\"button\" aria-controls=\"elementor-tab-content-1055\" aria-expanded=\"false\">\n\t\t\t\t\t\t\t\t\t\t\t\t<span class=\"elementor-toggle-icon elementor-toggle-icon-left\" aria-hidden=\"true\">\n\t\t\t\t\t\t\t\t\t\t\t\t\t\t\t<span class=\"elementor-toggle-icon-closed\"><i class=\"fas fa-caret-right\"><\/i><\/span>\n\t\t\t\t\t\t\t\t<span class=\"elementor-toggle-icon-opened\"><i class=\"elementor-toggle-icon-opened fas fa-caret-up\"><\/i><\/span>\n\t\t\t\t\t\t\t\t\t\t\t\t\t<\/span>\n\t\t\t\t\t\t\t\t\t\t\t\t<a class=\"elementor-toggle-title\" tabindex=\"0\">Information about the Basic Account and Private Classic (German version)<\/a>\n\t\t\t\t\t<\/div>\n\n\t\t\t\t\t<div id=\"elementor-tab-content-1055\" class=\"elementor-tab-content elementor-clearfix\" data-tab=\"5\" role=\"region\" aria-labelledby=\"elementor-tab-title-1055\"><p><a href=\"https:\/\/saarlb.de\/wp-content\/uploads\/2024\/03\/101-540-000-Glossar-zu-einem-Zahlungskonto-verbundenen-Diensten_10-2018-V1-2.pdf\">Glossar zu mit einem Zahlungskonto verbundenen Diensten<\/a><\/p>\n<p><a href=\"https:\/\/saarlb.de\/wp-content\/uploads\/2025\/09\/Allgemeine-Informationen-zum-Basiskonto-nach-\u00a7-30-ZKG-fuer-Verbraucher.pdf\">Allgemeine Informationen zum Basiskonto nach \u00a7 30 ZKG f\u00fcr Verbraucher<\/a><\/p>\n<p><a href=\"https:\/\/saarlb.de\/wp-content\/uploads\/2025\/09\/Antrag-auf-Abschluss-eines-Basiskontovertrags.pdf\">Antrag auf Abschluss eines Basiskontovertrags<\/a><\/p>\n<p><a href=\"https:\/\/saarlb.de\/wp-content\/uploads\/2025\/09\/Entgeltinformation-Basiskonto.pdf\">Entgeltinformation Basiskonto<\/a><\/p>\n<p><a href=\"https:\/\/saarlb.de\/wp-content\/uploads\/2025\/09\/Entgeltinformation-Privat-Classic.pdf\">Entgeltinformation Privat Classic<\/a><\/p>\n<p><a href=\"https:\/\/saarlb.de\/wp-content\/uploads\/2025\/09\/Verbraucherinformationen-zur-Kontenwechselhilfe.pdf\">Verbraucherinformationen zur Kontenwechselhilfe<\/a><\/p>\n<p><a href=\"https:\/\/saarlb.de\/wp-content\/uploads\/2022\/01\/103-000-130_2016-09.pdf\">Hinweis zum beauftragten Kontenwechsel\u00a0<\/a><\/p>\n<p><a href=\"https:\/\/saarlb.de\/wp-content\/uploads\/2025\/09\/Bereitstellung-der-Vergleichskriterien-gemaess-\u00a7-17-Nrn.-2-und-3-ZKG-fuer-Betreiber-einer-Vergleichswebsite.pdf\">Bereitstellung der Vergleichskriterien gem\u00e4\u00df \u00a7 17 Nrn. 2 und 3 ZKG f\u00fcr Betreiber einer Vergleichswebsite<\/a><\/p>\n<\/div>\n\t\t\t\t<\/div>\n\t\t\t\t\t\t\t<div class=\"elementor-toggle-item\">\n\t\t\t\t\t<div id=\"elementor-tab-title-1056\" class=\"elementor-tab-title\" data-tab=\"6\" role=\"button\" aria-controls=\"elementor-tab-content-1056\" aria-expanded=\"false\">\n\t\t\t\t\t\t\t\t\t\t\t\t<span class=\"elementor-toggle-icon elementor-toggle-icon-left\" aria-hidden=\"true\">\n\t\t\t\t\t\t\t\t\t\t\t\t\t\t\t<span class=\"elementor-toggle-icon-closed\"><i class=\"fas fa-caret-right\"><\/i><\/span>\n\t\t\t\t\t\t\t\t<span class=\"elementor-toggle-icon-opened\"><i class=\"elementor-toggle-icon-opened fas fa-caret-up\"><\/i><\/span>\n\t\t\t\t\t\t\t\t\t\t\t\t\t<\/span>\n\t\t\t\t\t\t\t\t\t\t\t\t<a class=\"elementor-toggle-title\" tabindex=\"0\">Settlement tax (German version)<\/a>\n\t\t\t\t\t<\/div>\n\n\t\t\t\t\t<div id=\"elementor-tab-content-1056\" class=\"elementor-tab-content elementor-clearfix\" data-tab=\"6\" role=\"region\" aria-labelledby=\"elementor-tab-title-1056\"><p><a href=\"https:\/\/saarlb.de\/wp-content\/uploads\/2021\/02\/Freistellungsauftrag_fuer_Kapitalertraege.pdf\">Freistellungsauftrag f\u00fcr Kapitalertr\u00e4ge und Antrag auf ehegatten\u00fcbergreifende\/lebenspartner\u00fcbergreifende Verlustverrechnung<\/a><\/p>\n<p><a href=\"https:\/\/saarlb.de\/wp-content\/uploads\/2021\/02\/Erklaerung_fuer_Zwecke_der_Abgeltungssteuer..pdf\">Erkl\u00e4rung f\u00fcr Zwecke der Abgeltungsteuer<\/a><\/p>\n<p><a href=\"https:\/\/saarlb.de\/wp-content\/uploads\/2021\/02\/Erklaerung_zur_Freistellung_vom_Kapitalsteuerabzug.pdf\">Erkl\u00e4rung zur Freistellung vom Kapitalertragsteuerabzug gem\u00e4\u00df \u00a7 43 Abs. 2 Satz 3 Nr. 2 EStG<\/a><\/p>\n<p><a href=\"https:\/\/saarlb.de\/wp-content\/uploads\/2021\/02\/Antrag_auf_Einbehalt_der_Kirchensteuer.pdf\">Antrag auf Einbehalt der Kirchensteuer<\/a><\/p>\n<p><a href=\"https:\/\/saarlb.de\/wp-content\/uploads\/2021\/02\/Antrag_auf_Ausstellung_einer_Verlustbescheinigung.pdf\">Antrag auf Ausstellung einer Verlustbescheinigung<\/a><\/p>\n<p><a href=\"https:\/\/saarlb.de\/wp-content\/uploads\/2021\/02\/166.400.000x.pdf\">Merkblatt Besteuerung der Eink\u00fcnfte aus Kapitalverm\u00f6gen<\/a><\/p>\n<\/div>\n\t\t\t\t<\/div>\n\t\t\t\t\t\t\t<div class=\"elementor-toggle-item\">\n\t\t\t\t\t<div id=\"elementor-tab-title-1057\" class=\"elementor-tab-title\" data-tab=\"7\" role=\"button\" aria-controls=\"elementor-tab-content-1057\" aria-expanded=\"false\">\n\t\t\t\t\t\t\t\t\t\t\t\t<span class=\"elementor-toggle-icon elementor-toggle-icon-left\" aria-hidden=\"true\">\n\t\t\t\t\t\t\t\t\t\t\t\t\t\t\t<span class=\"elementor-toggle-icon-closed\"><i class=\"fas fa-caret-right\"><\/i><\/span>\n\t\t\t\t\t\t\t\t<span class=\"elementor-toggle-icon-opened\"><i class=\"elementor-toggle-icon-opened fas fa-caret-up\"><\/i><\/span>\n\t\t\t\t\t\t\t\t\t\t\t\t\t<\/span>\n\t\t\t\t\t\t\t\t\t\t\t\t<a class=\"elementor-toggle-title\" tabindex=\"0\">Security of your investment<\/a>\n\t\t\t\t\t<\/div>\n\n\t\t\t\t\t<div id=\"elementor-tab-content-1057\" class=\"elementor-tab-content elementor-clearfix\" data-tab=\"7\" role=\"region\" aria-labelledby=\"elementor-tab-title-1057\"><p><strong>Customer deposits at Landesbank Saar (SaarLB, SaarLB-La Banque Franco-Allemande) and LBS Landesbausparkasse Saar are protected by the deposit insurance system of the Savings Banks Finance Group.<\/strong><\/p>\n<p>The task of the deposit insurance system is to avert economic difficulties at the affiliated institutions by protecting the going concern of the member institutions. The primary objective is therefore to protect these institutions, in particular to ensure their liquidity and solvency. However, this is also intended to prevent the occurrence of a deposit insurance case and to protect customers\u2019 business relationships.<\/p>\n<p>Since the creation of the deposit insurance system in the 1970s, no member institution has become insolvent. No customer in the Savings Banks Finance Group has yet lost deposits or the interest owed on them.<br \/>The Deposit Insurance Act (Einlagensicherungsgesetz \u2013 EinSiG) entered into force in Germany on 3 July 2015. The law implements the corresponding EU directive. The Savings Banks Finance Group has realigned its tried and tested deposit insurance system to these legal requirements. It was recognised as a deposit insurance system under the Deposit Insurance Act.<\/p>\n<p>1. Voluntary institutional insurance<br \/>The primary objective of the deposit insurance system is to protect the member institutions themselves and to avert imminent or existing financial difficulties. In this way, a deposit insurance case is to be avoided and the business relationship with the customer is to be continued permanently and without restriction.<\/p>\n<p>2. Statutory deposit insurance<br \/>If, in exceptional cases, the institutional insurance does not apply, the customer has a claim against the deposit insurance system for reimbursement of their deposits up to a maximum of EUR 100,000. The Deposit Insurance Act is authoritative for this.<\/p>\n<\/div>\n\t\t\t\t<\/div>\n\t\t\t\t\t\t\t<div class=\"elementor-toggle-item\">\n\t\t\t\t\t<div id=\"elementor-tab-title-1058\" class=\"elementor-tab-title\" data-tab=\"8\" role=\"button\" aria-controls=\"elementor-tab-content-1058\" aria-expanded=\"false\">\n\t\t\t\t\t\t\t\t\t\t\t\t<span class=\"elementor-toggle-icon elementor-toggle-icon-left\" aria-hidden=\"true\">\n\t\t\t\t\t\t\t\t\t\t\t\t\t\t\t<span class=\"elementor-toggle-icon-closed\"><i class=\"fas fa-caret-right\"><\/i><\/span>\n\t\t\t\t\t\t\t\t<span class=\"elementor-toggle-icon-opened\"><i class=\"elementor-toggle-icon-opened fas fa-caret-up\"><\/i><\/span>\n\t\t\t\t\t\t\t\t\t\t\t\t\t<\/span>\n\t\t\t\t\t\t\t\t\t\t\t\t<a class=\"elementor-toggle-title\" tabindex=\"0\">Complaint management policy of SaarLB<\/a>\n\t\t\t\t\t<\/div>\n\n\t\t\t\t\t<div id=\"elementor-tab-content-1058\" class=\"elementor-tab-content elementor-clearfix\" data-tab=\"8\" role=\"region\" aria-labelledby=\"elementor-tab-title-1058\"><p>For us, your satisfaction comes first We consider it important to give you the opportunity to express criticism. We have therefore set up a Complaints Office and introduced complaint management measures.<\/p>\n<p>The goal of our complaint management is to ensure that customer complaints are handled appropriately and promptly. Complaints received are evaluated in order to correct recurring errors or problems. This is how we try to ensure a high level of customer satisfaction and long-term customer loyalty.<br \/>This policy provides you with an overview of the complaint handling procedure for you.<\/p>\n<p><a href=\"https:\/\/saarlb.de\/wp-content\/uploads\/2024\/08\/2024-07-08-rec-Nr.-57-24_Beschwerdemanagement-Grundsaetze-SaarLB-EN.pdf\">Complaint principles<\/a><\/p>\n<\/div>\n\t\t\t\t<\/div>\n\t\t\t\t\t\t\t<div class=\"elementor-toggle-item\">\n\t\t\t\t\t<div id=\"elementor-tab-title-1059\" class=\"elementor-tab-title\" data-tab=\"9\" role=\"button\" aria-controls=\"elementor-tab-content-1059\" aria-expanded=\"false\">\n\t\t\t\t\t\t\t\t\t\t\t\t<span class=\"elementor-toggle-icon elementor-toggle-icon-left\" aria-hidden=\"true\">\n\t\t\t\t\t\t\t\t\t\t\t\t\t\t\t<span class=\"elementor-toggle-icon-closed\"><i class=\"fas fa-caret-right\"><\/i><\/span>\n\t\t\t\t\t\t\t\t<span class=\"elementor-toggle-icon-opened\"><i class=\"elementor-toggle-icon-opened fas fa-caret-up\"><\/i><\/span>\n\t\t\t\t\t\t\t\t\t\t\t\t\t<\/span>\n\t\t\t\t\t\t\t\t\t\t\t\t<a class=\"elementor-toggle-title\" tabindex=\"0\">Out-of-court dispute resolution and other means of redress<\/a>\n\t\t\t\t\t<\/div>\n\n\t\t\t\t\t<div id=\"elementor-tab-content-1059\" class=\"elementor-tab-content elementor-clearfix\" data-tab=\"9\" role=\"region\" aria-labelledby=\"elementor-tab-title-1059\"><p>Consumer Arbitration Board at<br \/>Bundesverband \u00d6ffentlicher Banken Deutschlands (V\u00d6B)<br \/>Postfach 110272<br \/>D-10832 Berlin<\/p>\n<p>E-Mail:\u00a0<a href=\"mailto:ombudsmann@voeb-kbs.de\">ombudsmann@voeb-kbs.de<\/a><br \/>Internet:\u00a0<a class=\"wpel-icon-left\" href=\"https:\/\/www.voeb.de\/was-wir-tun\/ombudsmann\" target=\"_blank\" rel=\"nofollow noopener\" data-wpel-link=\"external\">https:\/\/www.voeb.de\/was-wir-tun\/ombudsmann<\/a><\/p>\n<p>Further details can be found in the rules of procedure of the dispute resolution body, which will be made available on request. The Bank participates in the dispute resolution procedure at this recognised Consumer Arbitration Board.<\/p>\n<p>The Bank\u2019s email address is:<a href=\"mailto:service@saarlb.de\">\u00a0service@saarlb.de<\/a><\/p>\n<p><strong>Information on complaints about payment service providers:<\/strong><br \/>In the event of alleged breaches of<\/p>\n<p>\u2022 the German Payment Services Supervision Act (Zahlungsdiensteaufsichtsgesetz)<br \/>\u2022 Sections 675c to 676c of the German Civil Code (B\u00fcrgerliches Gesetzbuch) or<br \/>\u2022 Article 248 of the Introductory Act to the Civil Code (Einf\u00fchrungsgesetz zum B\u00fcrgerlichen Gesetzbuch)<\/p>\n<p>a complaint can also be lodged with the German Federal Financial Supervisory Authority (Bundesanstalt f\u00fcr Finanzdienstleistungsaufsicht).<\/p>\n<p>The addresses are as follows:<\/p>\n<p>Bundesanstalt f\u00fcr Finanzdienstleistungsaufsicht<br \/>Graurheindorfer Stra\u00dfe 108<br \/>D-53117 Bonn<br \/>and<br \/>Bundesanstalt f\u00fcr Finanzdienstleistungsaufsicht<br \/>Marie-Curie-Stra\u00dfe 24-28<br \/>D-60439 Frankfurt am Main<\/p>\n<p>&nbsp;<\/p>\n<p><a href=\"https:\/\/saarlb.de\/wp-content\/uploads\/2025\/09\/rec-Nr.-216-25_Beschwerdemanagement-Hinweis-auf-Schlichtungsstelle_Englisch_clean.pdf\" data-wpel-link=\"internal\" data-da-cssbgimage=\"url(&quot;https:\/\/saarlb.de\/wp-content\/pdf.png&quot;)\">Extrajudicial dispute resolution<\/a><\/p>\n<\/div>\n\t\t\t\t<\/div>\n\t\t\t\t\t\t\t\t<\/div>\n\t\t\t\t\t\t<\/div>\n\t\t\t\t<\/div>\n\t\t\t\t\t<\/div>\n\t\t<\/div>\n\t\t\t\t\t<\/div>\n\t\t<\/section>\n\t\t\t\t<section class=\"elementor-section elementor-top-section elementor-element elementor-element-4799baf0 elementor-section-boxed elementor-section-height-default elementor-section-height-default elementor-invisible\" data-id=\"4799baf0\" data-element_type=\"section\" data-e-type=\"section\" data-settings=\"{&quot;animation&quot;:&quot;fadeInUp&quot;}\">\n\t\t\t\t\t\t<div class=\"elementor-container elementor-column-gap-default\">\n\t\t\t\t\t<div class=\"elementor-column elementor-col-100 elementor-top-column elementor-element elementor-element-544a8a3\" data-id=\"544a8a3\" data-element_type=\"column\" data-e-type=\"column\">\n\t\t\t<div class=\"elementor-widget-wrap elementor-element-populated\">\n\t\t\t\t\t\t<div class=\"elementor-element elementor-element-2596ae43 elementor-widget elementor-widget-image\" data-id=\"2596ae43\" data-element_type=\"widget\" data-e-type=\"widget\" data-widget_type=\"image.default\">\n\t\t\t\t<div class=\"elementor-widget-container\">\n\t\t\t\t\t\t\t\t\t\t\t\t\t\t\t<img decoding=\"async\" src=\"https:\/\/saarlb.de\/wp-content\/uploads\/2020\/09\/weitsicht_durch_naehe_titling.jpg\" title=\"\" alt=\"\" loading=\"lazy\" \/>\t\t\t\t\t\t\t\t\t\t\t\t\t\t\t<\/div>\n\t\t\t\t<\/div>\n\t\t\t\t\t<\/div>\n\t\t<\/div>\n\t\t\t\t\t<\/div>\n\t\t<\/section>\n\t\t\t\t<\/div>\n\t\t","protected":false},"excerpt":{"rendered":"<p>Legal notice SaarLB\u2019s Articles of Incorporation Version of 5 December 2001, published in the Official Gazette of Saarland on 28 December 2001, pages 2,529 to 2,535, entered into force on 1 January 2002, last amended with effect from 1 May 2023, published in the Official Gazette of Saarland No. 22 on 7 June 2023. SaarLB\u2019s [&hellip;]<\/p>\n","protected":false},"author":2,"featured_media":0,"parent":13359,"menu_order":0,"comment_status":"closed","ping_status":"closed","template":"","meta":{"_acf_changed":false,"footnotes":"","_links_to":"","_links_to_target":""},"class_list":["post-13395","page","type-page","status-publish","hentry"],"acf":[],"_links":{"self":[{"href":"https:\/\/saarlb.de\/en\/wp-json\/wp\/v2\/pages\/13395","targetHints":{"allow":["GET"]}}],"collection":[{"href":"https:\/\/saarlb.de\/en\/wp-json\/wp\/v2\/pages"}],"about":[{"href":"https:\/\/saarlb.de\/en\/wp-json\/wp\/v2\/types\/page"}],"author":[{"embeddable":true,"href":"https:\/\/saarlb.de\/en\/wp-json\/wp\/v2\/users\/2"}],"replies":[{"embeddable":true,"href":"https:\/\/saarlb.de\/en\/wp-json\/wp\/v2\/comments?post=13395"}],"version-history":[{"count":0,"href":"https:\/\/saarlb.de\/en\/wp-json\/wp\/v2\/pages\/13395\/revisions"}],"up":[{"embeddable":true,"href":"https:\/\/saarlb.de\/en\/wp-json\/wp\/v2\/pages\/13359"}],"wp:attachment":[{"href":"https:\/\/saarlb.de\/en\/wp-json\/wp\/v2\/media?parent=13395"}],"curies":[{"name":"wp","href":"https:\/\/api.w.org\/{rel}","templated":true}]}}